{"id":308,"date":"2020-01-13T11:17:52","date_gmt":"2020-01-13T11:17:52","guid":{"rendered":"https:\/\/demosites.io\/web-agency-gb\/?page_id=5"},"modified":"2026-04-22T11:59:39","modified_gmt":"2026-04-22T11:59:39","slug":"home","status":"publish","type":"page","link":"https:\/\/taxiutrera.net\/","title":{"rendered":"Home"},"content":{"rendered":"\n<div class=\"wp-block-cover alignfull is-light\" style=\"min-height:266px;aspect-ratio:unset;\"><img loading=\"lazy\" decoding=\"async\" width=\"1200\" height=\"712\" class=\"wp-block-cover__image-background wp-image-389 size-full\" alt=\"\" src=\"https:\/\/taxiutrera.net\/wp-content\/uploads\/2026\/04\/WhatsApp-Image-2026-04-22-at-11.50.16-1-e1776857126677.jpeg\" data-object-fit=\"cover\" srcset=\"https:\/\/taxiutrera.net\/wp-content\/uploads\/2026\/04\/WhatsApp-Image-2026-04-22-at-11.50.16-1-e1776857126677.jpeg 1200w, https:\/\/taxiutrera.net\/wp-content\/uploads\/2026\/04\/WhatsApp-Image-2026-04-22-at-11.50.16-1-e1776857126677-300x178.jpeg 300w, https:\/\/taxiutrera.net\/wp-content\/uploads\/2026\/04\/WhatsApp-Image-2026-04-22-at-11.50.16-1-e1776857126677-1024x608.jpeg 1024w, https:\/\/taxiutrera.net\/wp-content\/uploads\/2026\/04\/WhatsApp-Image-2026-04-22-at-11.50.16-1-e1776857126677-768x456.jpeg 768w\" sizes=\"auto, (max-width: 1200px) 100vw, 1200px\" \/><span aria-hidden=\"true\" class=\"wp-block-cover__background has-background-dim-0 has-background-dim\" style=\"background-color:#7d808b\"><\/span><div class=\"wp-block-cover__inner-container is-layout-flow wp-block-cover-is-layout-flow\">\n<p class=\"has-text-align-center has-text-color\" style=\"color:#121212\"><\/p>\n\n\n\n<p><\/p>\n\n\n\n<p><\/p>\n\n\n\n<p><\/p>\n\n\n\n<p><\/p>\n<\/div><\/div>\n\n\n\n<div style=\"height:100px\" aria-hidden=\"true\" class=\"wp-block-spacer\"><\/div>\n\n\n\n<h1 class=\"wp-block-heading has-text-align-center has-neve-link-color-color has-text-color has-link-color wp-elements-404bd328ceca0195ee53bafaadd75fde\"><strong>Taxi Utrera 4<\/strong><\/h1>\n\n\n\n<h2 class=\"wp-block-heading has-text-align-center\"><strong>Jose Manuel<\/strong><\/h2>\n\n\n\n<div class=\"wp-block-buttons alignfull has-custom-font-size has-x-large-font-size is-horizontal is-content-justification-center is-layout-flex wp-container-core-buttons-is-layout-3b170580 wp-block-buttons-is-layout-flex\" style=\"border-style:none;border-width:0px;border-top-left-radius:0px;border-top-right-radius:0px;border-bottom-left-radius:0px;border-bottom-right-radius:0px;padding-top:var(--wp--preset--spacing--20);padding-right:0;padding-bottom:var(--wp--preset--spacing--20);padding-left:0\">\n<div class=\"wp-block-button is-style-primary animated backInLeft\"><a class=\"wp-block-button__link has-medium-font-size has-custom-font-size wp-element-button\" href=\"https:\/\/taxiutrera.net\/about-us\/\">Llamar Ahora 622625916<\/a><\/div>\n<\/div>\n\n\n\n<div style=\"height:100px\" aria-hidden=\"true\" class=\"wp-block-spacer\"><\/div>\n\n\n\n<p class=\"has-text-align-center has-medium-font-size\">Servicio de taxi Utrera disponible las 24 horas del d\u00eda, con traslados locales, recogidas urgentes y viajes a Sevilla, aeropuerto, hospitales y estaciones. Ofrecemos puntualidad, comodidad y atenci\u00f3n profesional para particulares y empresas. Reserva tu taxi en Utrera de forma r\u00e1pida y sin esperas. Taxi Utrera 4 Jose Manuel con n\u00famero de licencia <\/p>\n\n\n\n<div style=\"height:100px\" aria-hidden=\"true\" class=\"wp-block-spacer\"><\/div>\n\n\n\n<div class=\"wp-block-cover alignfull\" style=\"min-height:600px;aspect-ratio:unset;\"><span aria-hidden=\"true\" class=\"wp-block-cover__background has-nv-light-bg-background-color has-background-dim-100 has-background-dim\"><\/span><div class=\"wp-block-cover__inner-container is-layout-flow wp-block-cover-is-layout-flow\">\n<div class=\"wp-block-group\"><div class=\"wp-block-group__inner-container is-layout-flow wp-block-group-is-layout-flow\">\n<div class=\"wp-block-columns are-vertically-aligned-center is-layout-flex wp-container-core-columns-is-layout-9d6595d7 wp-block-columns-is-layout-flex\">\n<div class=\"wp-block-column is-vertically-aligned-center is-layout-flow wp-block-column-is-layout-flow\" style=\"flex-basis:50%\">\n<figure class=\"wp-block-image size-full\"><img loading=\"lazy\" decoding=\"async\" width=\"770\" height=\"432\" src=\"https:\/\/taxiutrera.net\/wp-content\/uploads\/2026\/04\/taxi-utrera-aeropuerto-sevilla.jpg\" alt=\"\" class=\"wp-image-367\" srcset=\"https:\/\/taxiutrera.net\/wp-content\/uploads\/2026\/04\/taxi-utrera-aeropuerto-sevilla.jpg 770w, https:\/\/taxiutrera.net\/wp-content\/uploads\/2026\/04\/taxi-utrera-aeropuerto-sevilla-300x168.jpg 300w, https:\/\/taxiutrera.net\/wp-content\/uploads\/2026\/04\/taxi-utrera-aeropuerto-sevilla-768x431.jpg 768w\" sizes=\"auto, (max-width: 770px) 100vw, 770px\" \/><\/figure>\n<\/div>\n\n\n\n<div class=\"wp-block-column is-vertically-aligned-center is-layout-flow wp-block-column-is-layout-flow\" style=\"flex-basis:50%\">\n<div style=\"height:20px\" aria-hidden=\"true\" class=\"wp-block-spacer\"><\/div>\n\n\n\n<h2 class=\"wp-block-heading has-text-align-center has-neve-text-color-color has-text-color\"><strong>Taxi Utrera Aeropuerto Sevilla<\/strong><\/h2>\n\n\n\n<p class=\"has-text-align-center has-neve-text-color-color has-text-color\" style=\"font-size:17px\">Servicio de taxi desde Utrera al Aeropuerto de Sevilla disponible las 24 horas. Traslados directos, sin esperas y con recogida puntual en domicilio. Ideal para viajes, vacaciones o traslados de empresa. Conductor profesional, veh\u00edculo c\u00f3modo. Reserva tu taxi al aeropuerto de Sevilla de forma r\u00e1pida y segura.<\/p>\n\n\n\n<div class=\"wp-block-buttons alignwide is-horizontal is-content-justification-center is-layout-flex wp-container-core-buttons-is-layout-499968f5 wp-block-buttons-is-layout-flex\">\n<div class=\"wp-block-button is-style-primary\"><a class=\"wp-block-button__link has-text-align-right wp-element-button\" href=\"https:\/\/taxiutrera.net\/portfolio-single\/\">RESERVAR AHORA<\/a><\/div>\n<\/div>\n<\/div>\n<\/div>\n\n\n\n<div style=\"height:40px\" aria-hidden=\"true\" class=\"wp-block-spacer\"><\/div>\n<\/div><\/div>\n<\/div><\/div>\n\n\n\n<p><\/p>\n\n\n\n<div class=\"wp-block-cover alignfull\" style=\"min-height:724px;aspect-ratio:unset;\"><span aria-hidden=\"true\" class=\"wp-block-cover__background has-nv-site-bg-background-color has-background-dim-100 has-background-dim\"><\/span><div class=\"wp-block-cover__inner-container is-layout-flow wp-block-cover-is-layout-flow\">\n<div class=\"wp-block-group\"><div class=\"wp-block-group__inner-container is-layout-flow wp-block-group-is-layout-flow\">\n<div class=\"wp-block-columns are-vertically-aligned-center is-layout-flex wp-container-core-columns-is-layout-9d6595d7 wp-block-columns-is-layout-flex\">\n<div class=\"wp-block-column is-vertically-aligned-center is-layout-flow wp-block-column-is-layout-flow\" style=\"flex-basis:50%\">\n<div style=\"height:100px\" aria-hidden=\"true\" class=\"wp-block-spacer\"><\/div>\n\n\n\n<h2 class=\"wp-block-heading has-text-align-center has-neve-text-color-color has-text-color\">Traslados Taxi Utrera<\/h2>\n\n\n\n<figure class=\"wp-block-image size-large\"><img loading=\"lazy\" decoding=\"async\" width=\"1024\" height=\"683\" src=\"https:\/\/taxiutrera.net\/wp-content\/uploads\/2026\/04\/Utrera-en-Sevilla-1024x683.jpg\" alt=\"\" class=\"wp-image-368\" srcset=\"https:\/\/taxiutrera.net\/wp-content\/uploads\/2026\/04\/Utrera-en-Sevilla-1024x683.jpg 1024w, https:\/\/taxiutrera.net\/wp-content\/uploads\/2026\/04\/Utrera-en-Sevilla-300x200.jpg 300w, https:\/\/taxiutrera.net\/wp-content\/uploads\/2026\/04\/Utrera-en-Sevilla-768x512.jpg 768w, https:\/\/taxiutrera.net\/wp-content\/uploads\/2026\/04\/Utrera-en-Sevilla-930x620.jpg 930w, https:\/\/taxiutrera.net\/wp-content\/uploads\/2026\/04\/Utrera-en-Sevilla.jpg 1200w\" sizes=\"auto, (max-width: 1024px) 100vw, 1024px\" \/><\/figure>\n\n\n\n<p class=\"has-text-align-center has-neve-text-color-color has-text-color\" style=\"font-size:17px\">Servicio de taxi en Utrera para desplazamientos dentro del municipio, con recogidas r\u00e1pidas en cualquier zona del pueblo. Ideal para ir al centro, supermercados, estaciones, centros m\u00e9dicos o cualquier punto de Utrera sin esperas. Atenci\u00f3n profesional, m\u00e1xima puntualidad y disponibilidad 24 horas. Tu taxi de confianza en Utrera para moverte de forma c\u00f3moda y segura.<\/p>\n\n\n\n<div class=\"wp-block-buttons is-horizontal is-content-justification-center is-layout-flex wp-container-core-buttons-is-layout-499968f5 wp-block-buttons-is-layout-flex\">\n<div class=\"wp-block-button is-style-primary\"><a class=\"wp-block-button__link wp-element-button\" href=\"https:\/\/taxiutrera.net\/portfolio-single\/\">LLAMAR AHORA<\/a><\/div>\n<\/div>\n\n\n\n<div style=\"height:40px\" aria-hidden=\"true\" class=\"wp-block-spacer\"><\/div>\n<\/div>\n<\/div>\n<\/div><\/div>\n<\/div><\/div>\n\n\n\n<div class=\"wp-block-cover alignfull\" style=\"min-height:600px;aspect-ratio:unset;\"><span aria-hidden=\"true\" class=\"wp-block-cover__background has-nv-light-bg-background-color has-background-dim-100 has-background-dim\"><\/span><div class=\"wp-block-cover__inner-container is-layout-flow wp-block-cover-is-layout-flow\">\n<div class=\"wp-block-group\"><div class=\"wp-block-group__inner-container is-layout-flow wp-block-group-is-layout-flow\">\n<div class=\"wp-block-columns are-vertically-aligned-center is-layout-flex wp-container-core-columns-is-layout-9d6595d7 wp-block-columns-is-layout-flex\">\n<div class=\"wp-block-column is-vertically-aligned-center is-layout-flow wp-block-column-is-layout-flow\" style=\"flex-basis:50%\">\n<div style=\"height:100px\" aria-hidden=\"true\" class=\"wp-block-spacer\"><\/div>\n\n\n\n<h2 class=\"wp-block-heading has-text-align-center has-neve-text-color-color has-text-color\"><strong>Servicio Taxi Utrera<\/strong><\/h2>\n\n\n\n<figure class=\"wp-block-image size-full\"><img loading=\"lazy\" decoding=\"async\" width=\"770\" height=\"513\" src=\"https:\/\/taxiutrera.net\/wp-content\/uploads\/2026\/04\/taxi-utrera-sevilla-y-alrededores.jpg\" alt=\"\" class=\"wp-image-369\" srcset=\"https:\/\/taxiutrera.net\/wp-content\/uploads\/2026\/04\/taxi-utrera-sevilla-y-alrededores.jpg 770w, https:\/\/taxiutrera.net\/wp-content\/uploads\/2026\/04\/taxi-utrera-sevilla-y-alrededores-300x200.jpg 300w, https:\/\/taxiutrera.net\/wp-content\/uploads\/2026\/04\/taxi-utrera-sevilla-y-alrededores-768x512.jpg 768w\" sizes=\"auto, (max-width: 770px) 100vw, 770px\" \/><\/figure>\n<\/div>\n\n\n\n<div class=\"wp-block-column is-vertically-aligned-center is-layout-flow wp-block-column-is-layout-flow\" style=\"flex-basis:50%\">\n<p class=\"has-text-align-center has-neve-text-color-color has-text-color\" style=\"font-size:17px\">Servicio de taxi desde Utrera a localidades cercanas como Los Palacios y Villafranca, Dos Hermanas, Alcal\u00e1 de Guada\u00edra, Lebrija, El Coronil, Las Cabezas de San Juan y Sevilla. Realizamos desplazamientos c\u00f3modos, r\u00e1pidos y sin esperas, ideales para gestiones, trabajo, citas m\u00e9dicas o visitas familiares. Disponibilidad 24 horas, recogida puntual en domicilio y conductores profesionales. Reserva tu taxi desde Utrera a cualquier destino cercano con total confianza.<\/p>\n<\/div>\n<\/div>\n<\/div><\/div>\n\n\n\n<div class=\"wp-block-buttons is-content-justification-center is-layout-flex wp-container-core-buttons-is-layout-16018d1d wp-block-buttons-is-layout-flex\">\n<div class=\"wp-block-button is-style-primary\"><a class=\"wp-block-button__link has-text-align-center wp-element-button\">LLAMAR AHORA<\/a><\/div>\n<\/div>\n\n\n\n<div style=\"height:100px\" aria-hidden=\"true\" class=\"wp-block-spacer\"><\/div>\n<\/div><\/div>\n\n\n\n<hr class=\"wp-block-separator has-alpha-channel-opacity\"\/>\n\n\n\n<h3 class=\"wp-block-heading has-text-align-center\"><strong>NUESTROS CLIENTES DICEN<\/strong><\/h3>\n\n\n\n<hr class=\"wp-block-separator has-alpha-channel-opacity\"\/>\n\n\n\n<div class=\"wp-block-cover alignfull\" style=\"min-height:1518px;aspect-ratio:unset;\"><span aria-hidden=\"true\" class=\"wp-block-cover__background has-nv-light-bg-background-color has-background-dim-100 has-background-dim\"><\/span><div class=\"wp-block-cover__inner-container is-layout-flow wp-block-cover-is-layout-flow\">\n<div class=\"wp-block-columns is-layout-flex wp-container-core-columns-is-layout-9d6595d7 wp-block-columns-is-layout-flex\">\n<div class=\"wp-block-column ticss-4ce656f1 is-layout-flow wp-block-column-is-layout-flow\"><div class=\"wp-block-image is-style-rounded\">\n<figure class=\"aligncenter size-large is-resized\"><img loading=\"lazy\" decoding=\"async\" width=\"768\" height=\"1024\" src=\"https:\/\/taxiutrera.net\/wp-content\/uploads\/2026\/04\/WhatsApp-Image-2026-04-22-at-12.57.42-768x1024.jpeg\" alt=\"\" class=\"wp-image-371\" style=\"width:80px;height:80px\" srcset=\"https:\/\/taxiutrera.net\/wp-content\/uploads\/2026\/04\/WhatsApp-Image-2026-04-22-at-12.57.42-768x1024.jpeg 768w, https:\/\/taxiutrera.net\/wp-content\/uploads\/2026\/04\/WhatsApp-Image-2026-04-22-at-12.57.42-225x300.jpeg 225w, https:\/\/taxiutrera.net\/wp-content\/uploads\/2026\/04\/WhatsApp-Image-2026-04-22-at-12.57.42-1152x1536.jpeg 1152w, https:\/\/taxiutrera.net\/wp-content\/uploads\/2026\/04\/WhatsApp-Image-2026-04-22-at-12.57.42.jpeg 1536w\" sizes=\"auto, (max-width: 768px) 100vw, 768px\" \/><\/figure>\n<\/div>\n\n\n<div style=\"height:24px\" aria-hidden=\"true\" class=\"wp-block-spacer\"><\/div>\n\n\n\n<p class=\"has-text-align-center has-neve-text-color-color has-text-color\">\u00abUtilic\u00e9 el servicio de taxi en Utrera para ir al Aeropuerto de Sevilla y fue perfecto. Lleg\u00f3 puntual, el coche muy limpio y el conductor Jose Manuel muy profesional. Sin duda, el mejor taxi de Utrera para traslados al aeropuerto.!\u00bb<\/p>\n\n\n\n<p class=\"has-text-align-center has-neve-text-color-color has-text-color\">Iveth Licona<\/p>\n\n\n\n<hr class=\"wp-block-separator has-alpha-channel-opacity\"\/>\n\n\n\n<div style=\"height:20px\" aria-hidden=\"true\" class=\"wp-block-spacer\"><\/div>\n<\/div>\n\n\n\n<div class=\"wp-block-column ticss-f6fc7494 is-layout-flow wp-block-column-is-layout-flow\"><div class=\"wp-block-image is-style-rounded\">\n<figure class=\"aligncenter size-large is-resized\"><img loading=\"lazy\" decoding=\"async\" width=\"400\" height=\"400\" src=\"https:\/\/taxiutrera.net\/wp-content\/uploads\/2020\/12\/neve-web-design-studio-04.1.jpg\" alt=\"\" class=\"wp-image-216\" style=\"width:80px;height:80px\" srcset=\"https:\/\/taxiutrera.net\/wp-content\/uploads\/2020\/12\/neve-web-design-studio-04.1.jpg 400w, https:\/\/taxiutrera.net\/wp-content\/uploads\/2020\/12\/neve-web-design-studio-04.1-300x300.jpg 300w, https:\/\/taxiutrera.net\/wp-content\/uploads\/2020\/12\/neve-web-design-studio-04.1-150x150.jpg 150w\" sizes=\"auto, (max-width: 400px) 100vw, 400px\" \/><\/figure>\n<\/div>\n\n\n<div style=\"height:24px\" aria-hidden=\"true\" class=\"wp-block-spacer\"><\/div>\n\n\n\n<p class=\"has-text-align-center has-neve-text-color-color has-text-color\">\u00abServicio de taxi en Utrera r\u00e1pido y muy fiable. Lo llam\u00e9 para un desplazamiento dentro del pueblo y en pocos minutos estaba en la puerta de mi casa. Muy recomendable si necesitas un taxi en Utrera sin esperas.!\u00bb<\/p>\n\n\n\n<p class=\"has-text-align-center has-neve-text-color-color has-text-color\">Edu Martinez<\/p>\n\n\n\n<hr class=\"wp-block-separator has-alpha-channel-opacity\"\/>\n<\/div>\n\n\n\n<div class=\"wp-block-column ticss-a5b4df29 is-layout-flow wp-block-column-is-layout-flow\"><div class=\"wp-block-image is-style-rounded\">\n<figure class=\"aligncenter size-full is-resized\"><img loading=\"lazy\" decoding=\"async\" width=\"640\" height=\"640\" src=\"https:\/\/taxiutrera.net\/wp-content\/uploads\/2026\/04\/WhatsApp-Image-2026-04-22-at-12.56.04.jpeg\" alt=\"\" class=\"wp-image-370\" style=\"width:80px;height:80px\" srcset=\"https:\/\/taxiutrera.net\/wp-content\/uploads\/2026\/04\/WhatsApp-Image-2026-04-22-at-12.56.04.jpeg 640w, https:\/\/taxiutrera.net\/wp-content\/uploads\/2026\/04\/WhatsApp-Image-2026-04-22-at-12.56.04-300x300.jpeg 300w, https:\/\/taxiutrera.net\/wp-content\/uploads\/2026\/04\/WhatsApp-Image-2026-04-22-at-12.56.04-150x150.jpeg 150w\" sizes=\"auto, (max-width: 640px) 100vw, 640px\" \/><\/figure>\n<\/div>\n\n\n<div style=\"height:24px\" aria-hidden=\"true\" class=\"wp-block-spacer\"><\/div>\n\n\n\n<p class=\"has-text-align-center has-neve-text-color-color has-text-color\">\u00abReserv\u00e9 un taxi desde Utrera a Dos Hermanas y todo fue genial. Precio claro, sin sorpresas y conducci\u00f3n muy c\u00f3moda. Es mi opci\u00f3n de confianza para viajes desde Utrera a pueblos cercanos.\u00bb<\/p>\n\n\n\n<p class=\"has-text-align-center has-neve-text-color-color has-text-color\">David G\u00f3mez<\/p>\n\n\n\n<hr class=\"wp-block-separator has-alpha-channel-opacity\"\/>\n\n\n\n<div style=\"height:20px\" aria-hidden=\"true\" class=\"wp-block-spacer\"><\/div>\n<\/div>\n<\/div>\n<\/div><\/div>\n\n\n\n<div class=\"wp-block-cover alignfull\" style=\"min-height:300px;aspect-ratio:unset;\"><span aria-hidden=\"true\" class=\"wp-block-cover__background has-neve-link-color-background-color has-background-dim-100 has-background-dim\"><\/span><div class=\"wp-block-cover__inner-container is-layout-flow wp-block-cover-is-layout-flow\">\n<div style=\"height:140px\" aria-hidden=\"true\" class=\"wp-block-spacer\"><\/div>\n\n\n\n<h2 class=\"wp-block-heading has-text-align-center has-nv-text-dark-bg-color has-text-color\">El servicio de Taxi Utrera comprometido con la puntualidad.<\/h2>\n\n\n\n<p class=\"has-text-align-center\">Servicio de Taxi prestado por Jose Manuel con licencia en Utrera con n\u00famero<\/p>\n\n\n\n<div class=\"wp-block-buttons is-horizontal is-content-justification-center is-layout-flex wp-container-core-buttons-is-layout-499968f5 wp-block-buttons-is-layout-flex\">\n<div class=\"wp-block-button is-style-default\"><a class=\"wp-block-button__link wp-element-button\" href=\"https:\/\/taxiutrera.net\/contact-us\/\">SOLICITAR INFORMACI\u00d3N DE RESERVAS<\/a><\/div>\n<\/div>\n\n\n\n<div style=\"height:140px\" aria-hidden=\"true\" class=\"wp-block-spacer\"><\/div>\n<\/div><\/div>\n\n\n\n<p><\/p>\n","protected":false},"excerpt":{"rendered":"<p>Taxi Utrera 4 Jose Manuel Servicio de taxi Utrera disponible las 24 horas del d\u00eda, con traslados locales, recogidas urgentes y viajes a Sevilla, aeropuerto, hospitales y estaciones. Ofrecemos puntualidad, comodidad y atenci\u00f3n profesional para particulares y empresas. Reserva tu taxi en Utrera de forma r\u00e1pida y sin esperas. Taxi Utrera 4 Jose Manuel con&hellip;&nbsp;<\/p>\n","protected":false},"author":1,"featured_media":0,"parent":0,"menu_order":0,"comment_status":"closed","ping_status":"closed","template":"","meta":{"neve_meta_sidebar":"default","neve_meta_container":"default","neve_meta_enable_content_width":"on","neve_meta_content_width":100,"neve_meta_title_alignment":"","neve_meta_author_avatar":"","neve_post_elements_order":"","neve_meta_disable_header":"","neve_meta_disable_footer":"","neve_meta_disable_title":"on","_themeisle_gutenberg_block_has_review":false,"footnotes":""},"class_list":["post-308","page","type-page","status-publish","hentry"],"_links":{"self":[{"href":"https:\/\/taxiutrera.net\/index.php\/wp-json\/wp\/v2\/pages\/308","targetHints":{"allow":["GET"]}}],"collection":[{"href":"https:\/\/taxiutrera.net\/index.php\/wp-json\/wp\/v2\/pages"}],"about":[{"href":"https:\/\/taxiutrera.net\/index.php\/wp-json\/wp\/v2\/types\/page"}],"author":[{"embeddable":true,"href":"https:\/\/taxiutrera.net\/index.php\/wp-json\/wp\/v2\/users\/1"}],"replies":[{"embeddable":true,"href":"https:\/\/taxiutrera.net\/index.php\/wp-json\/wp\/v2\/comments?post=308"}],"version-history":[{"count":23,"href":"https:\/\/taxiutrera.net\/index.php\/wp-json\/wp\/v2\/pages\/308\/revisions"}],"predecessor-version":[{"id":415,"href":"https:\/\/taxiutrera.net\/index.php\/wp-json\/wp\/v2\/pages\/308\/revisions\/415"}],"wp:attachment":[{"href":"https:\/\/taxiutrera.net\/index.php\/wp-json\/wp\/v2\/media?parent=308"}],"curies":[{"name":"wp","href":"https:\/\/api.w.org\/{rel}","templated":true}]}}